{"id":10794,"date":"2023-06-19T09:22:08","date_gmt":"2023-06-19T08:22:08","guid":{"rendered":"https:\/\/insens.eu\/?page_id=10794"},"modified":"2025-11-13T08:59:17","modified_gmt":"2025-11-13T07:59:17","slug":"case-study-maintenance-cavitation","status":"publish","type":"page","link":"https:\/\/insens.eu\/fr\/testimonials-case-studies\/case-study-maintenance-cavitation\/","title":{"rendered":"Case Study Maintenance &#8211; Cavitation"},"content":{"rendered":"\t\t<div data-elementor-type=\"wp-page\" data-elementor-id=\"10794\" class=\"elementor elementor-10794\">\n\t\t\t\t\t\t<section class=\"elementor-section elementor-top-section elementor-element elementor-element-8a0f022 elementor-section-boxed elementor-section-height-default elementor-section-height-default exad-glass-effect-no exad-sticky-section-no\" data-id=\"8a0f022\" data-element_type=\"section\" data-e-type=\"section\">\n\t\t\t\t\t\t<div class=\"elementor-container elementor-column-gap-default\">\n\t\t\t\t\t<div class=\"elementor-column elementor-col-100 elementor-top-column elementor-element elementor-element-043dabc exad-glass-effect-no exad-sticky-section-no\" data-id=\"043dabc\" data-element_type=\"column\" data-e-type=\"column\">\n\t\t\t<div class=\"elementor-widget-wrap elementor-element-populated\">\n\t\t\t\t\t\t<div class=\"elementor-element elementor-element-53879b5 elementor-widget__width-inherit exad-sticky-section-no exad-glass-effect-no elementor-widget elementor-widget-heading\" data-id=\"53879b5\" data-element_type=\"widget\" data-e-type=\"widget\" data-widget_type=\"heading.default\">\n\t\t\t\t<div class=\"elementor-widget-container\">\n\t\t\t\t\t<h2 class=\"elementor-heading-title elementor-size-default\"><br><br>Maintenance Case Study - Mechanical Faults<br>cavitation<\/h2>\t\t\t\t<\/div>\n\t\t\t\t<\/div>\n\t\t\t\t\t<\/div>\n\t\t<\/div>\n\t\t\t\t\t<\/div>\n\t\t<\/section>\n\t\t\t\t<section class=\"elementor-section elementor-top-section elementor-element elementor-element-80c969d elementor-section-boxed elementor-section-height-default elementor-section-height-default exad-glass-effect-no exad-sticky-section-no\" data-id=\"80c969d\" data-element_type=\"section\" data-e-type=\"section\">\n\t\t\t\t\t\t<div class=\"elementor-container elementor-column-gap-default\">\n\t\t\t\t\t<div class=\"elementor-column elementor-col-100 elementor-top-column elementor-element elementor-element-acf43ea exad-glass-effect-no exad-sticky-section-no\" data-id=\"acf43ea\" data-element_type=\"column\" data-e-type=\"column\">\n\t\t\t<div class=\"elementor-widget-wrap\">\n\t\t\t\t\t\t\t<\/div>\n\t\t<\/div>\n\t\t\t\t\t<\/div>\n\t\t<\/section>\n\t\t\t\t<section class=\"elementor-section elementor-top-section elementor-element elementor-element-ab5efc4 elementor-section-boxed elementor-section-height-default elementor-section-height-default exad-glass-effect-no exad-sticky-section-no\" data-id=\"ab5efc4\" data-element_type=\"section\" data-e-type=\"section\">\n\t\t\t\t\t\t<div class=\"elementor-container elementor-column-gap-default\">\n\t\t\t\t\t<div class=\"elementor-column elementor-col-50 elementor-top-column elementor-element elementor-element-fc10e71 exad-glass-effect-no exad-sticky-section-no\" data-id=\"fc10e71\" data-element_type=\"column\" data-e-type=\"column\">\n\t\t\t<div class=\"elementor-widget-wrap elementor-element-populated\">\n\t\t\t\t\t\t<div class=\"elementor-element elementor-element-7993b6b exad-sticky-section-no exad-glass-effect-no elementor-widget elementor-widget-image\" data-id=\"7993b6b\" data-element_type=\"widget\" data-e-type=\"widget\" data-no-translation=\"\" data-widget_type=\"image.default\">\n\t\t\t\t<div class=\"elementor-widget-container\">\n\t\t\t\t\t\t\t\t\t\t\t\t\t\t\t<img fetchpriority=\"high\" decoding=\"async\" width=\"1024\" height=\"819\" src=\"https:\/\/insens.eu\/wp-content\/uploads\/2025\/11\/Mockup-Case-Study-Cavitation-FR-1024x819.png\" class=\"attachment-large size-large wp-image-14973\" alt=\"\" srcset=\"https:\/\/insens.eu\/wp-content\/uploads\/2025\/11\/Mockup-Case-Study-Cavitation-FR-1024x819.png 1024w, https:\/\/insens.eu\/wp-content\/uploads\/2025\/11\/Mockup-Case-Study-Cavitation-FR-300x240.png 300w, https:\/\/insens.eu\/wp-content\/uploads\/2025\/11\/Mockup-Case-Study-Cavitation-FR-768x614.png 768w, https:\/\/insens.eu\/wp-content\/uploads\/2025\/11\/Mockup-Case-Study-Cavitation-FR-15x12.png 15w, https:\/\/insens.eu\/wp-content\/uploads\/2025\/11\/Mockup-Case-Study-Cavitation-FR.png 1080w\" sizes=\"(max-width: 1024px) 100vw, 1024px\" title=\"\">\t\t\t\t\t\t\t\t\t\t\t\t\t\t\t<\/div>\n\t\t\t\t<\/div>\n\t\t\t\t<div class=\"elementor-element elementor-element-9bbab35 exad-sticky-section-no exad-glass-effect-no elementor-widget elementor-widget-image\" data-id=\"9bbab35\" data-element_type=\"widget\" data-e-type=\"widget\" data-no-translation=\"\" data-widget_type=\"image.default\">\n\t\t\t\t<div class=\"elementor-widget-container\">\n\t\t\t\t\t<style>.elementor-element-9bbab35{display:none !important}<\/style>\t\t\t\t<\/div>\n\t\t\t\t<\/div>\n\t\t\t\t<div class=\"elementor-element elementor-element-0e4e279 exad-sticky-section-no exad-glass-effect-no elementor-widget elementor-widget-exad-testimonial\" data-id=\"0e4e279\" data-element_type=\"widget\" data-e-type=\"widget\" data-widget_type=\"exad-testimonial.default\">\n\t\t\t\t<div class=\"elementor-widget-container\">\n\t\t\t\t\t\r\n\t\t<div class=\"exad-testimonial-wrapper exad-testimonial-align-left exad-testimonial-transition-top-yes\">\r\n\t\t\t<div class=\"exad-testimonial-wrapper-inner layout-1\">\r\n\t\t\t\r\n\t\t\t\t\t<div class=\"exad-testimonial-content-wrapper\">\r\n\t\t\t\t\t\t\t\t\t\t\t\t<p class=\"exad-testimonial-description\">\r\n\t\t\t\t\t\t\tCavitation is a silent threat \u2014 invisible at first, yet capable of damaging a pump and shutting down an entire system. In this case study, discover how RED detected a cavitation episode in real time on a critical dewatering pump. Thanks to continuous electrical monitoring, the quarry acted before any damage occurred, restored hydraulic performance, and avoided costly production downtime.\t\t\t\t\t\t\t<\/p>\r\n\t\t\t\t\t\t\t\t\t\t\t\t<\/div>\r\n\t\t\t\t\t\t\t\t\t<div class=\"exad-testimonial-reviewer-wrapper\">\r\n\t\t\t\t<div class=\"exad-testimonial-thumb\"><img decoding=\"async\" width=\"768\" height=\"733\" src=\"https:\/\/insens.eu\/wp-content\/uploads\/2024\/01\/GFX-768x733.jpg\" class=\"attachment-medium_large size-medium_large wp-image-14314\" alt=\"Guillaume Francaux - Insens co-founder\" title=\"\" srcset=\"https:\/\/insens.eu\/wp-content\/uploads\/2024\/01\/GFX-768x733.jpg 768w, https:\/\/insens.eu\/wp-content\/uploads\/2024\/01\/GFX-300x286.jpg 300w, https:\/\/insens.eu\/wp-content\/uploads\/2024\/01\/GFX-1024x977.jpg 1024w, https:\/\/insens.eu\/wp-content\/uploads\/2024\/01\/GFX-1536x1465.jpg 1536w, https:\/\/insens.eu\/wp-content\/uploads\/2024\/01\/GFX-13x12.jpg 13w, https:\/\/insens.eu\/wp-content\/uploads\/2024\/01\/GFX-1200x1145.jpg 1200w, https:\/\/insens.eu\/wp-content\/uploads\/2024\/01\/GFX.jpg 2000w\" sizes=\"(max-width: 768px) 100vw, 768px\" \/><\/div>\t\t\t\t\t<div class=\"exad-testimonial-reviewer\">\r\n\t\t\t\t\t\t\t\t\t\t\t\t<a href=\"\" target=\"_blank\" rel=\"nofollow\">\r\n\t\t\t\t\t\t\t\t<h4 class=\"exad-testimonial-name\">\r\n\t\t\t\t\t\t\t\t\tGuillaume Francaux\t\t\t\t\t\t\t\t<\/h4>\r\n\t\t\t\t\t\t\t<\/a>\r\n\t\t\t\t\t\t\t\t\t\t\t\t\t<span class=\"exad-testimonial-designation\">\r\n\t\t\t\t\t\t\tInsens Co-Founder\t\t\t\t\t\t\t<\/span>\r\n\t\t\t\t\t\t\t\t\t\t\t<\/div>\t\t\t\t\t\r\n\r\n\t\t\t\t\t\t\t\t\t<\/div>\r\n\t\t\t\t\t\t\t<\/div>\r\n\t\t<\/div>\r\n\t\t\t\t\t<\/div>\n\t\t\t\t<\/div>\n\t\t\t\t\t<\/div>\n\t\t<\/div>\n\t\t\t\t<div class=\"elementor-column elementor-col-50 elementor-top-column elementor-element elementor-element-023538c exad-glass-effect-no exad-sticky-section-no\" data-id=\"023538c\" data-element_type=\"column\" data-e-type=\"column\">\n\t\t\t<div class=\"elementor-widget-wrap elementor-element-populated\">\n\t\t\t\t\t\t<div class=\"elementor-element elementor-element-00524a7 exad-sticky-section-no exad-glass-effect-no elementor-widget elementor-widget-wpforms\" data-id=\"00524a7\" data-element_type=\"widget\" data-e-type=\"widget\" data-no-translation=\"\" data-widget_type=\"wpforms.default\">\n\t\t\t\t<div class=\"elementor-widget-container\">\n\t\t\t\t\t<div class=\"wpforms-container \" id=\"wpforms-14976\"><form id=\"wpforms-form-14976\" class=\"wpforms-validate wpforms-form wpforms-ajax-form\" data-formid=\"14976\" method=\"post\" enctype=\"multipart\/form-data\" action=\"\/fr\/wp-json\/wp\/v2\/pages\/10794\" data-token=\"5b0909c8ea045f965155229e68d8cdc0\"><noscript class=\"wpforms-error-noscript\">Veuillez activer JavaScript dans votre navigateur pour remplir ce formulaire.<\/noscript><div class=\"wpforms-field-container\"><div id=\"wpforms-14976-field_1-container\" class=\"wpforms-field wpforms-field-name\" data-field-id=\"1\"><label class=\"wpforms-field-label\" for=\"wpforms-14976-field_1\">Nom <span class=\"wpforms-required-label\">*<\/span><\/label><div class=\"wpforms-field-row wpforms-field-medium\"><div class=\"wpforms-field-row-block wpforms-first wpforms-one-half\"><input type=\"text\" id=\"wpforms-14976-field_1\" class=\"wpforms-field-name-first wpforms-field-required\" name=\"wpforms[fields][1][first]\" required><label for=\"wpforms-14976-field_1\" class=\"wpforms-field-sublabel after \">Pr\u00e9nom<\/label><\/div><div class=\"wpforms-field-row-block wpforms-one-half\"><input type=\"text\" id=\"wpforms-14976-field_1-last\" class=\"wpforms-field-name-last wpforms-field-required\" name=\"wpforms[fields][1][last]\" required><label for=\"wpforms-14976-field_1-last\" class=\"wpforms-field-sublabel after \">Nom<\/label><\/div><\/div><\/div><div id=\"wpforms-14976-field_2-container\" class=\"wpforms-field wpforms-field-email\" data-field-id=\"2\"><label class=\"wpforms-field-label\" for=\"wpforms-14976-field_2\">Email <span class=\"wpforms-required-label\">*<\/span><\/label><input type=\"email\" id=\"wpforms-14976-field_2\" class=\"wpforms-field-medium wpforms-field-required\" name=\"wpforms[fields][2]\" spellcheck=\"false\" required><\/div><div id=\"wpforms-14976-field_4-container\" class=\"wpforms-field wpforms-field-phone\" data-field-id=\"4\"><label class=\"wpforms-field-label\" for=\"wpforms-14976-field_4\">Num\u00e9ro de t\u00e9l\u00e9phone <span class=\"wpforms-required-label\">*<\/span><\/label><input type=\"tel\" id=\"wpforms-14976-field_4\" class=\"wpforms-field-medium wpforms-field-required wpforms-smart-phone-field\" data-rule-smart-phone-field=\"true\" name=\"wpforms[fields][4]\" required><\/div><div id=\"wpforms-14976-field_3-container\" class=\"wpforms-field wpforms-field-text\" data-field-id=\"3\"><label class=\"wpforms-field-label\" for=\"wpforms-14976-field_3\">Entreprise <span class=\"wpforms-required-label\">*<\/span><\/label><input type=\"text\" id=\"wpforms-14976-field_3\" class=\"wpforms-field-medium wpforms-field-required\" name=\"wpforms[fields][3]\" required><\/div><div id=\"wpforms-14976-field_6-container\" class=\"wpforms-field wpforms-field-text\" data-field-id=\"6\"><label class=\"wpforms-field-label\" for=\"wpforms-14976-field_6\">Poste dans l&#039;entreprise <span class=\"wpforms-required-label\">*<\/span><\/label><input type=\"text\" id=\"wpforms-14976-field_6\" class=\"wpforms-field-medium wpforms-field-required\" name=\"wpforms[fields][6]\" required><\/div><div id=\"wpforms-14976-field_5-container\" class=\"wpforms-field wpforms-field-textarea\" data-field-id=\"5\"><label class=\"wpforms-field-label\" for=\"wpforms-14976-field_5\">Comment avez-vous entendu parler de nous ? <span class=\"wpforms-required-label\">*<\/span><\/label><textarea id=\"wpforms-14976-field_5\" class=\"wpforms-field-medium wpforms-field-required\" name=\"wpforms[fields][5]\" required><\/textarea><\/div><div id=\"wpforms-14976-field_7-container\" class=\"wpforms-field wpforms-field-checkbox\" data-field-id=\"7\"><label class=\"wpforms-field-label\" for=\"wpforms-14976-field_7\">Voulez-vous vous abonner \u00e0 notre newsletter ?  <span class=\"wpforms-required-label\">*<\/span><\/label><ul id=\"wpforms-14976-field_7\" class=\"wpforms-field-required\" data-choice-limit=\"1\"><li class=\"choice-1 depth-1\"><input type=\"checkbox\" id=\"wpforms-14976-field_7_1\" data-rule-check-limit=\"true\" name=\"wpforms[fields][7][]\" value=\"Oui\" required ><label class=\"wpforms-field-label-inline\" for=\"wpforms-14976-field_7_1\">Oui<\/label><\/li><li class=\"choice-2 depth-1\"><input type=\"checkbox\" id=\"wpforms-14976-field_7_2\" data-rule-check-limit=\"true\" name=\"wpforms[fields][7][]\" value=\"Non\" required ><label class=\"wpforms-field-label-inline\" for=\"wpforms-14976-field_7_2\">Non<\/label><\/li><\/ul><div class=\"wpforms-field-description\">Vous recevrez tous nos derniers case studies, business cases et autres directement dans votre bo\u00eete mail, en plus de nos derni\u00e8res avanc\u00e9es et pr\u00e9sences \u00e0 des \u00e9v\u00e9nements !\r\n(Totalement gratuit)<\/div><\/div><\/div><!-- .wpforms-field-container --><div class=\"wpforms-recaptcha-container wpforms-is-recaptcha\" ><div class=\"g-recaptcha\" data-sitekey=\"6LeBexoaAAAAADt8LQapaajxqPN7KlSOpQXLda72\"><\/div><input type=\"text\" name=\"g-recaptcha-hidden\" class=\"wpforms-recaptcha-hidden\" style=\"position:absolute!important;clip:rect(0,0,0,0)!important;height:1px!important;width:1px!important;border:0!important;overflow:hidden!important;padding:0!important;margin:0!important;\" data-rule-recaptcha=\"1\"><\/div><div class=\"wpforms-submit-container\" ><input type=\"hidden\" name=\"wpforms[id]\" value=\"14976\"><input type=\"hidden\" name=\"wpforms[author]\" value=\"172660426\"><button type=\"submit\" name=\"wpforms[submit]\" id=\"wpforms-submit-14976\" class=\"wpforms-submit\" data-alt-text=\"T\u00e9l\u00e9chargement\u2026\" data-submit-text=\"T\u00e9l\u00e9chargez ce Case Study\" aria-live=\"assertive\" value=\"wpforms-submit\">T\u00e9l\u00e9chargez ce Case Study<\/button><img decoding=\"async\" src=\"https:\/\/insens.eu\/wp-content\/plugins\/wpforms\/assets\/images\/submit-spin.svg\" class=\"wpforms-submit-spinner\" style=\"display: none;\" width=\"26\" height=\"26\" alt=\"Chargement en cours\" title=\"\"><\/div><\/form><\/div>  <!-- .wpforms-container -->\t\t\t\t<\/div>\n\t\t\t\t<\/div>\n\t\t\t\t<div class=\"elementor-element elementor-element-c30b773 animated-fast exad-sticky-section-no exad-glass-effect-no elementor-widget elementor-widget-wpforms\" data-id=\"c30b773\" data-element_type=\"widget\" data-e-type=\"widget\" data-settings=\"{&quot;_animation&quot;:&quot;none&quot;}\" data-no-translation=\"\" data-widget_type=\"wpforms.default\">\n\t\t\t\t<div class=\"elementor-widget-container\">\n\t\t\t\t\t<style>.elementor-element-c30b773{display:none !important}<\/style>\t\t\t\t<\/div>\n\t\t\t\t<\/div>\n\t\t\t\t\t<\/div>\n\t\t<\/div>\n\t\t\t\t\t<\/div>\n\t\t<\/section>\n\t\t\t\t<\/div>\n\t\t","protected":false},"excerpt":{"rendered":"<p>Maintenance Case Study &#8211; Mechanical Faultscavitation Cavitation is a silent threat \u2014 invisible at first, yet capable of damaging a pump and shutting down an entire system. In this case study, discover how RED detected a cavitation episode in real time on a critical dewatering pump. Thanks to continuous electrical monitoring, the quarry acted before [&hellip;]<\/p>\n","protected":false},"author":172660426,"featured_media":0,"parent":10540,"menu_order":0,"comment_status":"closed","ping_status":"closed","template":"","meta":{"_coblocks_attr":"","_coblocks_dimensions":"","_coblocks_responsive_height":"","_coblocks_accordion_ie_support":"","_crdt_document":"","om_disable_all_campaigns":false,"_exactmetrics_skip_tracking":false,"_exactmetrics_sitenote_active":false,"_exactmetrics_sitenote_note":"","_exactmetrics_sitenote_category":0,"_uf_show_specific_survey":0,"_uf_disable_surveys":false,"site-sidebar-layout":"no-sidebar","site-content-layout":"page-builder","ast-site-content-layout":"","site-content-style":"default","site-sidebar-style":"default","ast-global-header-display":"","ast-banner-title-visibility":"","ast-main-header-display":"","ast-hfb-above-header-display":"","ast-hfb-below-header-display":"","ast-hfb-mobile-header-display":"","site-post-title":"disabled","ast-breadcrumbs-content":"","ast-featured-img":"disabled","footer-sml-layout":"","theme-transparent-header-meta":"default","adv-header-id-meta":"","stick-header-meta":"","header-above-stick-meta":"","header-main-stick-meta":"","header-below-stick-meta":"","astra-migrate-meta-layouts":"default","ast-page-background-enabled":"default","ast-page-background-meta":{"desktop":{"background-color":"","background-image":"","background-repeat":"repeat","background-position":"center center","background-size":"auto","background-attachment":"scroll","background-type":"","background-media":"","overlay-type":"","overlay-color":"","overlay-gradient":""},"tablet":{"background-color":"","background-image":"","background-repeat":"repeat","background-position":"center center","background-size":"auto","background-attachment":"scroll","background-type":"","background-media":"","overlay-type":"","overlay-color":"","overlay-gradient":""},"mobile":{"background-color":"","background-image":"","background-repeat":"repeat","background-position":"center center","background-size":"auto","background-attachment":"scroll","background-type":"","background-media":"","overlay-type":"","overlay-color":"","overlay-gradient":""}},"ast-content-background-meta":{"desktop":{"background-color":"var(--ast-global-color-5)","background-image":"","background-repeat":"repeat","background-position":"center center","background-size":"auto","background-attachment":"scroll","background-type":"","background-media":"","overlay-type":"","overlay-color":"","overlay-gradient":""},"tablet":{"background-color":"var(--ast-global-color-5)","background-image":"","background-repeat":"repeat","background-position":"center center","background-size":"auto","background-attachment":"scroll","background-type":"","background-media":"","overlay-type":"","overlay-color":"","overlay-gradient":""},"mobile":{"background-color":"var(--ast-global-color-5)","background-image":"","background-repeat":"repeat","background-position":"center center","background-size":"auto","background-attachment":"scroll","background-type":"","background-media":"","overlay-type":"","overlay-color":"","overlay-gradient":""}},"footnotes":""},"class_list":["post-10794","page","type-page","status-publish","hentry"],"jetpack_sharing_enabled":true,"_links":{"self":[{"href":"https:\/\/insens.eu\/fr\/wp-json\/wp\/v2\/pages\/10794","targetHints":{"allow":["GET"]}}],"collection":[{"href":"https:\/\/insens.eu\/fr\/wp-json\/wp\/v2\/pages"}],"about":[{"href":"https:\/\/insens.eu\/fr\/wp-json\/wp\/v2\/types\/page"}],"author":[{"embeddable":true,"href":"https:\/\/insens.eu\/fr\/wp-json\/wp\/v2\/users\/172660426"}],"replies":[{"embeddable":true,"href":"https:\/\/insens.eu\/fr\/wp-json\/wp\/v2\/comments?post=10794"}],"version-history":[{"count":100,"href":"https:\/\/insens.eu\/fr\/wp-json\/wp\/v2\/pages\/10794\/revisions"}],"predecessor-version":[{"id":15069,"href":"https:\/\/insens.eu\/fr\/wp-json\/wp\/v2\/pages\/10794\/revisions\/15069"}],"up":[{"embeddable":true,"href":"https:\/\/insens.eu\/fr\/wp-json\/wp\/v2\/pages\/10540"}],"wp:attachment":[{"href":"https:\/\/insens.eu\/fr\/wp-json\/wp\/v2\/media?parent=10794"}],"curies":[{"name":"wp","href":"https:\/\/api.w.org\/{rel}","templated":true}]}}