{"id":10633,"date":"2023-06-16T10:54:26","date_gmt":"2023-06-16T09:54:26","guid":{"rendered":"https:\/\/insens.eu\/?page_id=10633"},"modified":"2023-07-28T10:25:50","modified_gmt":"2023-07-28T09:25:50","slug":"case-study-energy-calcaires-de-florennes","status":"publish","type":"page","link":"https:\/\/insens.eu\/fr\/testimonials-case-studies\/case-study-energy-calcaires-de-florennes\/","title":{"rendered":"Case Study Energy &#8211; Calcaires de Florennes"},"content":{"rendered":"\t\t<div data-elementor-type=\"wp-page\" data-elementor-id=\"10633\" class=\"elementor elementor-10633\" data-elementor-post-type=\"page\">\n\t\t\t\t\t\t<section class=\"elementor-section elementor-top-section elementor-element elementor-element-c685445 elementor-section-boxed elementor-section-height-default elementor-section-height-default exad-glass-effect-no exad-sticky-section-no\" data-id=\"c685445\" data-element_type=\"section\" data-e-type=\"section\">\n\t\t\t\t\t\t<div class=\"elementor-container elementor-column-gap-default\">\n\t\t\t\t\t<div class=\"elementor-column elementor-col-100 elementor-top-column elementor-element elementor-element-3d4ee91 exad-glass-effect-no exad-sticky-section-no\" data-id=\"3d4ee91\" data-element_type=\"column\" data-e-type=\"column\">\n\t\t\t<div class=\"elementor-widget-wrap elementor-element-populated\">\n\t\t\t\t\t\t<div class=\"elementor-element elementor-element-a77f5f4 exad-sticky-section-no exad-glass-effect-no elementor-widget elementor-widget-heading\" data-id=\"a77f5f4\" data-element_type=\"widget\" data-e-type=\"widget\" data-widget_type=\"heading.default\">\n\t\t\t\t<div class=\"elementor-widget-container\">\n\t\t\t\t\t<h2 class=\"elementor-heading-title elementor-size-default\">Case Study Energy<br>Calcaires de Florennes<\/h2>\t\t\t\t<\/div>\n\t\t\t\t<\/div>\n\t\t\t\t\t<\/div>\n\t\t<\/div>\n\t\t\t\t\t<\/div>\n\t\t<\/section>\n\t\t\t\t<section class=\"elementor-section elementor-top-section elementor-element elementor-element-7274184 elementor-section-boxed elementor-section-height-default elementor-section-height-default exad-glass-effect-no exad-sticky-section-no\" data-id=\"7274184\" data-element_type=\"section\" data-e-type=\"section\">\n\t\t\t\t\t\t<div class=\"elementor-container elementor-column-gap-default\">\n\t\t\t\t\t<div class=\"elementor-column elementor-col-100 elementor-top-column elementor-element elementor-element-826db63 exad-glass-effect-no exad-sticky-section-no\" data-id=\"826db63\" data-element_type=\"column\" data-e-type=\"column\">\n\t\t\t<div class=\"elementor-widget-wrap\">\n\t\t\t\t\t\t\t<\/div>\n\t\t<\/div>\n\t\t\t\t\t<\/div>\n\t\t<\/section>\n\t\t\t\t<section class=\"elementor-section elementor-top-section elementor-element elementor-element-3b20829 elementor-section-boxed elementor-section-height-default elementor-section-height-default exad-glass-effect-no exad-sticky-section-no\" data-id=\"3b20829\" data-element_type=\"section\" data-e-type=\"section\">\n\t\t\t\t\t\t<div class=\"elementor-container elementor-column-gap-default\">\n\t\t\t\t\t<div class=\"elementor-column elementor-col-50 elementor-top-column elementor-element elementor-element-7b6a9c1 exad-glass-effect-no exad-sticky-section-no\" data-id=\"7b6a9c1\" data-element_type=\"column\" data-e-type=\"column\">\n\t\t\t<div class=\"elementor-widget-wrap elementor-element-populated\">\n\t\t\t\t\t\t<div class=\"elementor-element elementor-element-08a0a5f exad-sticky-section-no exad-glass-effect-no elementor-widget elementor-widget-image\" data-id=\"08a0a5f\" data-element_type=\"widget\" data-e-type=\"widget\" data-no-translation=\"\" data-widget_type=\"image.default\">\n\t\t\t\t<div class=\"elementor-widget-container\">\n\t\t\t\t\t\t\t\t\t\t\t\t\t\t\t<img fetchpriority=\"high\" decoding=\"async\" width=\"1024\" height=\"768\" src=\"https:\/\/insens.eu\/wp-content\/uploads\/2023\/06\/CDF-FR-1024x768.png\" class=\"attachment-large size-large wp-image-10583\" alt=\"\" srcset=\"https:\/\/insens.eu\/wp-content\/uploads\/2023\/06\/CDF-FR-1024x768.png 1024w, https:\/\/insens.eu\/wp-content\/uploads\/2023\/06\/CDF-FR-300x225.png 300w, https:\/\/insens.eu\/wp-content\/uploads\/2023\/06\/CDF-FR-768x576.png 768w, https:\/\/insens.eu\/wp-content\/uploads\/2023\/06\/CDF-FR-1536x1152.png 1536w, https:\/\/insens.eu\/wp-content\/uploads\/2023\/06\/CDF-FR-16x12.png 16w, https:\/\/insens.eu\/wp-content\/uploads\/2023\/06\/CDF-FR-1200x900.png?crop=1 1200w, https:\/\/insens.eu\/wp-content\/uploads\/2023\/06\/CDF-FR-800x600.png?crop=1 800w, https:\/\/insens.eu\/wp-content\/uploads\/2023\/06\/CDF-FR-400x300.png?crop=1 400w, https:\/\/insens.eu\/wp-content\/uploads\/2023\/06\/CDF-FR-200x150.png?crop=1 200w, https:\/\/insens.eu\/wp-content\/uploads\/2023\/06\/CDF-FR.png 1890w\" sizes=\"(max-width: 1024px) 100vw, 1024px\" title=\"\">\t\t\t\t\t\t\t\t\t\t\t\t\t\t\t<\/div>\n\t\t\t\t<\/div>\n\t\t\t\t<div class=\"elementor-element elementor-element-d559693 elementor-widget__width-initial exad-sticky-section-no exad-glass-effect-no elementor-widget elementor-widget-image\" data-id=\"d559693\" data-element_type=\"widget\" data-e-type=\"widget\" data-no-translation=\"\" data-widget_type=\"image.default\">\n\t\t\t\t<div class=\"elementor-widget-container\">\n\t\t\t\t\t<style>.elementor-element-d559693{display:none !important}<\/style>\t\t\t\t<\/div>\n\t\t\t\t<\/div>\n\t\t\t\t<div class=\"elementor-element elementor-element-c79b662 exad-sticky-section-no exad-glass-effect-no elementor-widget elementor-widget-exad-testimonial\" data-id=\"c79b662\" data-element_type=\"widget\" data-e-type=\"widget\" data-widget_type=\"exad-testimonial.default\">\n\t\t\t\t<div class=\"elementor-widget-container\">\n\t\t\t\t\t\r\n\t\t<div class=\"exad-testimonial-wrapper exad-testimonial-align-left exad-testimonial-transition-top-yes\">\r\n\t\t\t<div class=\"exad-testimonial-wrapper-inner layout-1\">\r\n\t\t\t\r\n\t\t\t\t\t<div class=\"exad-testimonial-content-wrapper\">\r\n\t\t\t\t\t\t\t\t\t\t\t\t<p class=\"exad-testimonial-description\">\r\n\t\t\t\t\t\t\tNot only have we succeeded in reducing our energy costs, but we have also improved our environmental footprint by reducing our greenhouse gas emissions. In addition, our production processes have become more efficient, enabling us to increase our production \ncapacity and remain competitive in the market. \n\t\t\t\t\t\t\t<\/p>\r\n\t\t\t\t\t\t\t\t\t\t\t\t<\/div>\r\n\t\t\t\t\t\t\t\t\t<div class=\"exad-testimonial-reviewer-wrapper\">\r\n\t\t\t\t<div class=\"exad-testimonial-thumb\"><img decoding=\"async\" width=\"417\" height=\"554\" src=\"https:\/\/insens.eu\/wp-content\/uploads\/2023\/06\/Capture-decran-2023-06-16-a-11.45.16.png\" class=\"attachment-medium_large size-medium_large wp-image-10634\" alt=\"Emilien Pesch\u00e9\" title=\"\" srcset=\"https:\/\/insens.eu\/wp-content\/uploads\/2023\/06\/Capture-decran-2023-06-16-a-11.45.16.png 417w, https:\/\/insens.eu\/wp-content\/uploads\/2023\/06\/Capture-decran-2023-06-16-a-11.45.16-226x300.png 226w, https:\/\/insens.eu\/wp-content\/uploads\/2023\/06\/Capture-decran-2023-06-16-a-11.45.16-9x12.png 9w, https:\/\/insens.eu\/wp-content\/uploads\/2023\/06\/Capture-decran-2023-06-16-a-11.45.16-300x400.png?crop=1 300w, https:\/\/insens.eu\/wp-content\/uploads\/2023\/06\/Capture-decran-2023-06-16-a-11.45.16-150x200.png?crop=1 150w\" sizes=\"(max-width: 417px) 100vw, 417px\" \/><\/div>\t\t\t\t\t<div class=\"exad-testimonial-reviewer\">\r\n\t\t\t\t\t\t\t\t\t\t\t\t<a href=\"\" target=\"_blank\" rel=\"nofollow\">\r\n\t\t\t\t\t\t\t\t<h4 class=\"exad-testimonial-name\">\r\n\t\t\t\t\t\t\t\t\tEmilien Pesch\u00e9\t\t\t\t\t\t\t\t<\/h4>\r\n\t\t\t\t\t\t\t<\/a>\r\n\t\t\t\t\t\t\t\t\t\t\t\t\t<span class=\"exad-testimonial-designation\">\r\n\t\t\t\t\t\t\tDirector\t\t\t\t\t\t\t<\/span>\r\n\t\t\t\t\t\t\t\t\t\t\t<\/div>\t\t\t\t\t\r\n\r\n\t\t\t\t\t\t\t\t\t<\/div>\r\n\t\t\t\t\t\t\t<\/div>\r\n\t\t<\/div>\r\n\t\t\t\t\t<\/div>\n\t\t\t\t<\/div>\n\t\t\t\t\t<\/div>\n\t\t<\/div>\n\t\t\t\t<div class=\"elementor-column elementor-col-50 elementor-top-column elementor-element elementor-element-89f1fba exad-glass-effect-no exad-sticky-section-no\" data-id=\"89f1fba\" data-element_type=\"column\" data-e-type=\"column\">\n\t\t\t<div class=\"elementor-widget-wrap elementor-element-populated\">\n\t\t\t\t\t\t<div class=\"elementor-element elementor-element-ab52da7 animated-fast exad-sticky-section-no exad-glass-effect-no elementor-invisible elementor-widget elementor-widget-wpforms\" data-id=\"ab52da7\" data-element_type=\"widget\" data-e-type=\"widget\" data-settings=\"{&quot;_animation&quot;:&quot;fadeInRight&quot;}\" data-no-translation=\"\" data-widget_type=\"wpforms.default\">\n\t\t\t\t<div class=\"elementor-widget-container\">\n\t\t\t\t\t<div class=\"wpforms-container \" id=\"wpforms-11054\"><form id=\"wpforms-form-11054\" class=\"wpforms-validate wpforms-form wpforms-ajax-form\" data-formid=\"11054\" method=\"post\" enctype=\"multipart\/form-data\" action=\"\/fr\/wp-json\/wp\/v2\/pages\/10633\" data-token=\"e6e1bef3a6135d605217398bf7a8e5c0\"><noscript class=\"wpforms-error-noscript\">Veuillez activer JavaScript dans votre navigateur pour remplir ce formulaire.<\/noscript><div class=\"wpforms-field-container\"><div id=\"wpforms-11054-field_1-container\" class=\"wpforms-field wpforms-field-name\" data-field-id=\"1\"><label class=\"wpforms-field-label\" for=\"wpforms-11054-field_1\">Nom <span class=\"wpforms-required-label\">*<\/span><\/label><div class=\"wpforms-field-row wpforms-field-medium\"><div class=\"wpforms-field-row-block wpforms-first wpforms-one-half\"><input type=\"text\" id=\"wpforms-11054-field_1\" class=\"wpforms-field-name-first wpforms-field-required\" name=\"wpforms[fields][1][first]\" required><label for=\"wpforms-11054-field_1\" class=\"wpforms-field-sublabel after \">Pr\u00e9nom<\/label><\/div><div class=\"wpforms-field-row-block wpforms-one-half\"><input type=\"text\" id=\"wpforms-11054-field_1-last\" class=\"wpforms-field-name-last wpforms-field-required\" name=\"wpforms[fields][1][last]\" required><label for=\"wpforms-11054-field_1-last\" class=\"wpforms-field-sublabel after \">Nom<\/label><\/div><\/div><\/div><div id=\"wpforms-11054-field_2-container\" class=\"wpforms-field wpforms-field-email\" data-field-id=\"2\"><label class=\"wpforms-field-label\" for=\"wpforms-11054-field_2\">Email <span class=\"wpforms-required-label\">*<\/span><\/label><input type=\"email\" id=\"wpforms-11054-field_2\" class=\"wpforms-field-medium wpforms-field-required\" name=\"wpforms[fields][2]\" spellcheck=\"false\" required><\/div><div id=\"wpforms-11054-field_4-container\" class=\"wpforms-field wpforms-field-phone\" data-field-id=\"4\"><label class=\"wpforms-field-label\" for=\"wpforms-11054-field_4\">Num\u00e9ro de t\u00e9l\u00e9phone <span class=\"wpforms-required-label\">*<\/span><\/label><input type=\"tel\" id=\"wpforms-11054-field_4\" class=\"wpforms-field-medium wpforms-field-required wpforms-smart-phone-field\" data-rule-smart-phone-field=\"true\" name=\"wpforms[fields][4]\" required><\/div><div id=\"wpforms-11054-field_3-container\" class=\"wpforms-field wpforms-field-text\" data-field-id=\"3\"><label class=\"wpforms-field-label\" for=\"wpforms-11054-field_3\">Entreprise <span class=\"wpforms-required-label\">*<\/span><\/label><input type=\"text\" id=\"wpforms-11054-field_3\" class=\"wpforms-field-medium wpforms-field-required\" name=\"wpforms[fields][3]\" required><\/div><div id=\"wpforms-11054-field_6-container\" class=\"wpforms-field wpforms-field-text\" data-field-id=\"6\"><label class=\"wpforms-field-label\" for=\"wpforms-11054-field_6\">Poste dans l&#039;entreprise <span class=\"wpforms-required-label\">*<\/span><\/label><input type=\"text\" id=\"wpforms-11054-field_6\" class=\"wpforms-field-medium wpforms-field-required\" name=\"wpforms[fields][6]\" required><\/div><div id=\"wpforms-11054-field_5-container\" class=\"wpforms-field wpforms-field-textarea\" data-field-id=\"5\"><label class=\"wpforms-field-label\" for=\"wpforms-11054-field_5\">Comment avez-vous entendu parler de nous ? <span class=\"wpforms-required-label\">*<\/span><\/label><textarea id=\"wpforms-11054-field_5\" class=\"wpforms-field-medium wpforms-field-required\" name=\"wpforms[fields][5]\" required><\/textarea><\/div><div id=\"wpforms-11054-field_7-container\" class=\"wpforms-field wpforms-field-checkbox\" data-field-id=\"7\"><label class=\"wpforms-field-label\" for=\"wpforms-11054-field_7\">Voulez-vous vous abonner \u00e0 notre newsletter ?  <span class=\"wpforms-required-label\">*<\/span><\/label><ul id=\"wpforms-11054-field_7\" class=\"wpforms-field-required\" data-choice-limit=\"1\"><li class=\"choice-1 depth-1\"><input type=\"checkbox\" id=\"wpforms-11054-field_7_1\" data-rule-check-limit=\"true\" name=\"wpforms[fields][7][]\" value=\"Oui\" required ><label class=\"wpforms-field-label-inline\" for=\"wpforms-11054-field_7_1\">Oui<\/label><\/li><li class=\"choice-2 depth-1\"><input type=\"checkbox\" id=\"wpforms-11054-field_7_2\" data-rule-check-limit=\"true\" name=\"wpforms[fields][7][]\" value=\"Non\" required ><label class=\"wpforms-field-label-inline\" for=\"wpforms-11054-field_7_2\">Non<\/label><\/li><\/ul><div class=\"wpforms-field-description\">Vous recevrez tous nos derniers case studies, business case et autres directement dans votre bo\u00eete mail, en plus de nos derni\u00e8res avanc\u00e9es et pr\u00e9sences \u00e0 des \u00e9v\u00e9nements !\r\n(Totalement gratuit)<\/div><\/div><\/div><!-- .wpforms-field-container --><div class=\"wpforms-recaptcha-container wpforms-is-recaptcha\" ><div class=\"g-recaptcha\" data-sitekey=\"6LeBexoaAAAAADt8LQapaajxqPN7KlSOpQXLda72\"><\/div><input type=\"text\" name=\"g-recaptcha-hidden\" class=\"wpforms-recaptcha-hidden\" style=\"position:absolute!important;clip:rect(0,0,0,0)!important;height:1px!important;width:1px!important;border:0!important;overflow:hidden!important;padding:0!important;margin:0!important;\" data-rule-recaptcha=\"1\"><\/div><div class=\"wpforms-submit-container\" ><input type=\"hidden\" name=\"wpforms[id]\" value=\"11054\"><input type=\"hidden\" name=\"wpforms[author]\" value=\"172660426\"><button type=\"submit\" name=\"wpforms[submit]\" id=\"wpforms-submit-11054\" class=\"wpforms-submit\" data-alt-text=\"T\u00e9l\u00e9chargement\u2026\" data-submit-text=\"T\u00e9l\u00e9chargez ce Case Study\" aria-live=\"assertive\" value=\"wpforms-submit\">T\u00e9l\u00e9chargez ce Case Study<\/button><img decoding=\"async\" src=\"https:\/\/insens.eu\/wp-content\/plugins\/wpforms\/assets\/images\/submit-spin.svg\" class=\"wpforms-submit-spinner\" style=\"display: none;\" width=\"26\" height=\"26\" alt=\"Chargement en cours\" title=\"\"><\/div><\/form><\/div>  <!-- .wpforms-container -->\t\t\t\t<\/div>\n\t\t\t\t<\/div>\n\t\t\t\t<div class=\"elementor-element elementor-element-7e4e909 elementor-widget__width-initial animated-fast e-transform exad-sticky-section-no exad-glass-effect-no elementor-invisible elementor-widget elementor-widget-wpforms\" data-id=\"7e4e909\" data-element_type=\"widget\" data-e-type=\"widget\" data-settings=\"{&quot;_animation&quot;:&quot;fadeInRight&quot;,&quot;_transform_rotateZ_effect&quot;:{&quot;unit&quot;:&quot;px&quot;,&quot;size&quot;:&quot;&quot;,&quot;sizes&quot;:[]},&quot;_transform_rotateZ_effect_tablet_extra&quot;:{&quot;unit&quot;:&quot;deg&quot;,&quot;size&quot;:&quot;&quot;,&quot;sizes&quot;:[]},&quot;_transform_rotateZ_effect_tablet&quot;:{&quot;unit&quot;:&quot;deg&quot;,&quot;size&quot;:&quot;&quot;,&quot;sizes&quot;:[]},&quot;_transform_rotateZ_effect_mobile&quot;:{&quot;unit&quot;:&quot;deg&quot;,&quot;size&quot;:&quot;&quot;,&quot;sizes&quot;:[]}}\" data-no-translation=\"\" data-widget_type=\"wpforms.default\">\n\t\t\t\t<div class=\"elementor-widget-container\">\n\t\t\t\t\t<style>.elementor-element-7e4e909{display:none !important}<\/style>\t\t\t\t<\/div>\n\t\t\t\t<\/div>\n\t\t\t\t\t<\/div>\n\t\t<\/div>\n\t\t\t\t\t<\/div>\n\t\t<\/section>\n\t\t\t\t<\/div>\n\t\t","protected":false},"excerpt":{"rendered":"<p>Case Study EnergyCalcaires de Florennes Not only have we succeeded in reducing our energy costs, but we have also improved our environmental footprint by reducing our greenhouse gas emissions. In addition, our production processes have become more efficient, enabling us to increase our production capacity and remain competitive in the market. Emilien Pesch\u00e9 Director<\/p>","protected":false},"author":172660426,"featured_media":0,"parent":10540,"menu_order":0,"comment_status":"closed","ping_status":"closed","template":"","meta":{"_coblocks_attr":"","_coblocks_dimensions":"","_coblocks_responsive_height":"","_coblocks_accordion_ie_support":"","_crdt_document":"","om_disable_all_campaigns":false,"_exactmetrics_skip_tracking":false,"_exactmetrics_sitenote_active":false,"_exactmetrics_sitenote_note":"","_exactmetrics_sitenote_category":0,"_uf_show_specific_survey":0,"_uf_disable_surveys":false,"site-sidebar-layout":"no-sidebar","site-content-layout":"page-builder","ast-site-content-layout":"","site-content-style":"default","site-sidebar-style":"default","ast-global-header-display":"","ast-banner-title-visibility":"","ast-main-header-display":"","ast-hfb-above-header-display":"","ast-hfb-below-header-display":"","ast-hfb-mobile-header-display":"","site-post-title":"disabled","ast-breadcrumbs-content":"","ast-featured-img":"disabled","footer-sml-layout":"","theme-transparent-header-meta":"default","adv-header-id-meta":"","stick-header-meta":"","header-above-stick-meta":"","header-main-stick-meta":"","header-below-stick-meta":"","astra-migrate-meta-layouts":"default","ast-page-background-enabled":"default","ast-page-background-meta":{"desktop":{"background-color":"","background-image":"","background-repeat":"repeat","background-position":"center center","background-size":"auto","background-attachment":"scroll","background-type":"","background-media":"","overlay-type":"","overlay-color":"","overlay-gradient":""},"tablet":{"background-color":"","background-image":"","background-repeat":"repeat","background-position":"center center","background-size":"auto","background-attachment":"scroll","background-type":"","background-media":"","overlay-type":"","overlay-color":"","overlay-gradient":""},"mobile":{"background-color":"","background-image":"","background-repeat":"repeat","background-position":"center center","background-size":"auto","background-attachment":"scroll","background-type":"","background-media":"","overlay-type":"","overlay-color":"","overlay-gradient":""}},"ast-content-background-meta":{"desktop":{"background-color":"var(--ast-global-color-5)","background-image":"","background-repeat":"repeat","background-position":"center center","background-size":"auto","background-attachment":"scroll","background-type":"","background-media":"","overlay-type":"","overlay-color":"","overlay-gradient":""},"tablet":{"background-color":"var(--ast-global-color-5)","background-image":"","background-repeat":"repeat","background-position":"center center","background-size":"auto","background-attachment":"scroll","background-type":"","background-media":"","overlay-type":"","overlay-color":"","overlay-gradient":""},"mobile":{"background-color":"var(--ast-global-color-5)","background-image":"","background-repeat":"repeat","background-position":"center center","background-size":"auto","background-attachment":"scroll","background-type":"","background-media":"","overlay-type":"","overlay-color":"","overlay-gradient":""}},"footnotes":""},"class_list":["post-10633","page","type-page","status-publish","hentry"],"jetpack_sharing_enabled":true,"_links":{"self":[{"href":"https:\/\/insens.eu\/fr\/wp-json\/wp\/v2\/pages\/10633","targetHints":{"allow":["GET"]}}],"collection":[{"href":"https:\/\/insens.eu\/fr\/wp-json\/wp\/v2\/pages"}],"about":[{"href":"https:\/\/insens.eu\/fr\/wp-json\/wp\/v2\/types\/page"}],"author":[{"embeddable":true,"href":"https:\/\/insens.eu\/fr\/wp-json\/wp\/v2\/users\/172660426"}],"replies":[{"embeddable":true,"href":"https:\/\/insens.eu\/fr\/wp-json\/wp\/v2\/comments?post=10633"}],"version-history":[{"count":61,"href":"https:\/\/insens.eu\/fr\/wp-json\/wp\/v2\/pages\/10633\/revisions"}],"predecessor-version":[{"id":11964,"href":"https:\/\/insens.eu\/fr\/wp-json\/wp\/v2\/pages\/10633\/revisions\/11964"}],"up":[{"embeddable":true,"href":"https:\/\/insens.eu\/fr\/wp-json\/wp\/v2\/pages\/10540"}],"wp:attachment":[{"href":"https:\/\/insens.eu\/fr\/wp-json\/wp\/v2\/media?parent=10633"}],"curies":[{"name":"wp","href":"https:\/\/api.w.org\/{rel}","templated":true}]}}